{"id":2841,"date":"2020-06-19T17:21:50","date_gmt":"2020-06-19T17:21:50","guid":{"rendered":"http:\/\/cerato.temp.domains\/~clubnauticodesan\/?page_id=2841"},"modified":"2020-11-05T17:03:25","modified_gmt":"2020-11-05T17:03:25","slug":"buffet","status":"publish","type":"page","link":"https:\/\/clubnauticodesanjuan.com\/V2\/buffet\/","title":{"rendered":"Buffet"},"content":{"rendered":"<h2 style=\"text-align: left;\">Buffet<\/h2>\n<p>PANECILLOS RECIEN HORNEADOS CON MANTEQUILLA.<\/p>\n<p><strong>DOS ENSALADAS A ESCOGER ENTRE:&nbsp;<\/strong>LECHUGAS, PASTA, AUTOCTONAS, VEGETALES O GRANOS.<\/p>\n<h3>Ensaladas Verdes<\/h3>\n<div id=\"id-107512081\" class=\"accordion\">\n<div class=\"accordion-group\"><div class=\"accordion-heading\"><a class=\"accordion-toggle active\" data-toggle=\"collapse\" data-parent=\"#id-107512081\" href=\"#2030484765\">Club N\u00e1utico<\/a><\/div><div class=\"accordion-body collapse in\" id=\"2030484765\"><div class=\"accordion-inner\"> LECHUGAS TIERNAS CON PEPINILOS, TOMATITOS UVA, CEBOLLA MORADA, ZANAHORIAS, QUESO FRITO Y VINAGRETA DE ACEROLA. <\/div><\/div><\/div>\n<div class=\"accordion-group\"><div class=\"accordion-heading\"><a class=\"accordion-toggle \" data-toggle=\"collapse\" data-parent=\"#id-107512081\" href=\"#1045812627\">De Aqu\u00ed<\/a><\/div><div class=\"accordion-body collapse \" id=\"1045812627\"><div class=\"accordion-inner\"> LECHUGAS FRESCAS, PI\u00d1A, CITRICOS, PIMIENTOS ASADOS, QUESO FRESCO CON ADEREZO DE CHINA Y HIERBABUENA. <\/div><\/div><\/div>\n<div class=\"accordion-group\"><div class=\"accordion-heading\"><a class=\"accordion-toggle \" data-toggle=\"collapse\" data-parent=\"#id-107512081\" href=\"#1199050940\">Santorini<\/a><\/div><div class=\"accordion-body collapse \" id=\"1199050940\"><div class=\"accordion-inner\">LECHUGAS, TOMATITOS, ACEITUNAS CALAMATA, PIMIENTOS ASADOS Y FRESCOS, CEBOLLA DULCE, TALLO DE APIO Y QUESO FETA, MIGAS RUSTICAS Y VINAGRETA DE JEREZ CON HIERBAS MISTRALES. <\/div><\/div><\/div>\n<div class=\"accordion-group\"><div class=\"accordion-heading\"><a class=\"accordion-toggle \" data-toggle=\"collapse\" data-parent=\"#id-107512081\" href=\"#37743951\">Tejana<\/a><\/div><div class=\"accordion-body collapse \" id=\"37743951\"><div class=\"accordion-inner\"> MEZCLUM CON MAIZ ASADO, FRIJOLES NEGROS, TOMATITOS, CEBOLLA ROJA, CRUJIENTES DE TORTILLA DE MAIZ Y ADEREZO CREMOSO DE AGUACATE Y CILANTRILLO. <\/div><\/div><\/div>\n<div class=\"accordion-group\"><div class=\"accordion-heading\"><a class=\"accordion-toggle \" data-toggle=\"collapse\" data-parent=\"#id-107512081\" href=\"#617215564\">Castellana<\/a><\/div><div class=\"accordion-body collapse \" id=\"617215564\"><div class=\"accordion-inner\"> LECHUGAS FRESCAS CON TOMATE, AT\u00daN BLANCO, HUEVO RALLADO, ESPARRAGOS, GUISANTES, QUESO MANCHEGO, PIMIENTOS ASADOS, MIGAS DE PAN RUSTICO Y VINAGRETA DE VINO TINTO Y AJOS. <\/div><\/div><\/div>\n<div class=\"accordion-group\"><div class=\"accordion-heading\"><a class=\"accordion-toggle \" data-toggle=\"collapse\" data-parent=\"#id-107512081\" href=\"#418727889\">Pura Vida<\/a><\/div><div class=\"accordion-body collapse \" id=\"418727889\"><div class=\"accordion-inner\"> ESPINACA CON CITRICOS, ZANAHORIAS, GERMINADOS, RABANITOS, BR\u00d3COLI, REMOLACHA, AGUACATE Y ADEREZO DE YOGURT Y MIEL. <\/div><\/div><\/div>\n<\/div>\n<div class=\"spacer\"><\/div><!-- .spacer (end) -->\n<h3>Ensaladas de Pasta<\/h3>\n<div id=\"id-107512082\" class=\"accordion\">\n<div class=\"accordion-group\"><div class=\"accordion-heading\"><a class=\"accordion-toggle active\" data-toggle=\"collapse\" data-parent=\"#id-107512082\" href=\"#410826929\">Alpina<\/a><\/div><div class=\"accordion-body collapse in\" id=\"410826929\"><div class=\"accordion-inner\"> JAM\u00d3N DULCE, EMMENTHALES, GUISANTES, CEBOLLINES Y SETAS CON ADEREZO CREMOSO DE HIERBAS. <\/div><\/div><\/div>\n<div class=\"accordion-group\"><div class=\"accordion-heading\"><a class=\"accordion-toggle \" data-toggle=\"collapse\" data-parent=\"#id-107512082\" href=\"#1800962503\">Fussilli Verdi E Rosso<\/a><\/div><div class=\"accordion-body collapse \" id=\"1800962503\"><div class=\"accordion-inner\"> PESTO CON TOMATES SOLARIEGOS, VEGETALES VERDES Y ROJOS CON ADEREZO DE VINO TINTO Y PARMESANO. <\/div><\/div><\/div>\n<div class=\"accordion-group\"><div class=\"accordion-heading\"><a class=\"accordion-toggle \" data-toggle=\"collapse\" data-parent=\"#id-107512082\" href=\"#1765250666\">Festiva<\/a><\/div><div class=\"accordion-body collapse \" id=\"1765250666\"><div class=\"accordion-inner\"> QUESO CHEDDAR, JAM\u00d3N, GUISANTES, PIMIENTOS ASADOS Y CEBOLLINES EN ADEREZO TRADICIONAL. <\/div><\/div><\/div>\n<\/div>\n<div class=\"spacer\"><\/div><!-- .spacer (end) -->\n<h3>Ensaladas de Papa<\/h3>\n<div id=\"id-107512083\" class=\"accordion\">\n<div class=\"accordion-group\"><div class=\"accordion-heading\"><a class=\"accordion-toggle active\" data-toggle=\"collapse\" data-parent=\"#id-107512083\" href=\"#175029135\">Madrilena<\/a><\/div><div class=\"accordion-body collapse in\" id=\"175029135\"><div class=\"accordion-inner\"> CON ALIOLI, CEBOLLINES, ZANAHORIAS, GUISANTES, PIMIENTOS, HUEVOS, ACEITUNAS Y AT\u00daN (OPCIONAL). <\/div><\/div><\/div>\n<div class=\"accordion-group\"><div class=\"accordion-heading\"><a class=\"accordion-toggle \" data-toggle=\"collapse\" data-parent=\"#id-107512083\" href=\"#790958923\">Tradicional<\/a><\/div><div class=\"accordion-body collapse \" id=\"790958923\"><div class=\"accordion-inner\"> PAPITAS NUEVAS CON HUEVO, CEBOLLA DULCE, PIMIENTOS ASADOS Y TALLO DE APIO. ALINO DE MAYONESA Y MOSTAZA DE DIJON. <\/div><\/div><\/div>\n<div class=\"accordion-group\"><div class=\"accordion-heading\"><a class=\"accordion-toggle \" data-toggle=\"collapse\" data-parent=\"#id-107512083\" href=\"#1851265229\">Ranchera<\/a><\/div><div class=\"accordion-body collapse \" id=\"1851265229\"><div class=\"accordion-inner\"> MAIZ TIERNO, TALLO DE APIO, PIMIENTOS ASADOS, CEBOLLINES, CILANTRILLO Y ADEREZO DE CREMA AGRIA. <\/div><\/div><\/div>\n<\/div>\n<div class=\"spacer\"><\/div><!-- .spacer (end) -->\n<h3>Ensaladas Autoctanas<\/h3>\n<p>Si a\u00f1ade Bacalao, $2.00 p\/p.<\/p>\n<ul>\n<li><strong>GAZPACHO DE VIANDAS<\/strong> - MALANGA, YA\u00daTIA, \u00d1AME Y APIO DE TOMATE, AGUACATE Y ACEITE DE CILANTRILLO<\/li>\n<li>YUCA AL MOJO DE NARANJA<\/li>\n<li>GUINEITOS AL AJILIMOJILI<\/li>\n<\/ul>\n<div class=\"spacer\"><\/div><!-- .spacer (end) -->\n<h3>Ensaladas de Vegetales<\/h3>\n<ul>\n<li>GRANOS Y HABICHUELAS<\/li>\n<li>ENSALADA DE TOMATITOS VARIETALES Y HAIRCUT (K)<\/li>\n<li>HABICHUELITAS FRANCESAS, CEBOLLA DULCE, ALBAHACA, ACEITUNAS NEGRAS, QUESO PARMESANO, TOCINETA Y ADEREZO DE MOSTAZA (K)<\/li>\n<li>PARRILLADA DE VEGETALES (K) $3.00 P\/P<\/li>\n<li>PLAT\u00d3N DE VEGETALES A LA PARRILLLA CON REDUCCI\u00d3N DE B\u00c1LSAMICO Y MIEL<\/li>\n<\/ul>\n<div class=\"spacer\"><\/div><!-- .spacer (end) -->\n<h2 style=\"text-align: left;\">Plato Principal<\/h2>\n<p>Dos opciones a escoger.<\/p>\n<p><span style=\"color: #003366;\">Pechugas de Pollo<\/span><\/p>\n<ul>\n<li>ESCALOPINES SALTEADOS CON SALSA DE SETAS CREMINI CRIOLLAS<\/li>\n<li>ROBOSADAS CON JAM\u00d3N DULCE Y QUESO EDAM<\/li>\n<\/ul>\n<p><strong>RELLENAS CON:<\/strong><\/p>\n<ul>\n<li>MOFONGO DE AMARILLOS Y LONGANIZA<\/li>\n<li>BORONIA DE YUCA, APIO Y CHORIZO<\/li>\n<\/ul>\n<div class=\"spacer\"><\/div><!-- .spacer (end) -->\n<p><span style=\"color: #003366;\">Pavo<\/span><\/p>\n<ul>\n<li>ASADA EN HOJA DE GUIMEO CON RELLENO DE MOFONGO MIXTO (LASCADO)<\/li>\n<li>EMPANADAS CON SALSA BECHAMEL Y QUESO FUNDIDO<\/li>\n<li>GLASEADO DE MOSTAZA DE DIJON Y MELAO DE VEGA BAJA (LASCADO)<\/li>\n<li>ASADO EN SU JUGO CON MANTEQUILLA DE LIM\u00d3N Y HIERBAS AROMATIVAS (LASCADO)<\/li>\n<\/ul>\n<div class=\"spacer\"><\/div><!-- .spacer (end) -->\n<p><span style=\"color: #003366;\">Cerdo<\/span><\/p>\n<ul>\n<li>LOMO MECHADO CON LONGANIZA Y JAM\u00d3N EN SALSA CRIOLLA<\/li>\n<li>FILETE CON SALSA DE VINO ALBARICOQUES AL PORTO Y CRUJIENTES DE SERRANO<\/li>\n<li>MEDALLONES EMPANADOS ESTILO JAPONES CON SALSA TONKATSU<\/li>\n<li>LOMO ASADO CON MARINADO Y CHIMI JIBARO<\/li>\n<li>JAM\u00d3N DE PATA CON GLASEADO FILIPINO<\/li>\n<\/ul>\n<div class=\"spacer\"><\/div><!-- .spacer (end) -->\n<p><span style=\"color: #003366;\">Res<\/span><\/p>\n<ul>\n<li>ASADO DE RES MARINADO EN VINO Y AROM\u00c1TICOS (LASCADO)<\/li>\n<li>TIRAS SALTEADAS A LA LIMENA<\/li>\n<li>ROLLO DE CARNE CON JAM\u00d3N, ESPINACA Y MOZZARELLA<\/li>\n<li>DAUBE: ESTOFADO DE CARNE CON VEGETALES ESTILO FR\u00c1NCES<\/li>\n<li>FILETE DE RES A LA TOSCANA (LASCADO) $6.50 P\/P<\/li>\n<\/ul>\n<div class=\"spacer\"><\/div><!-- .spacer (end) -->\n<p><span style=\"color: #003366;\">Pescado<\/span><\/p>\n<ul>\n<li>FILETE DE PESCADO CON MANTEQUILLA DE PARCHA DE ALCAPARRITAS<\/li>\n<li>FILETE DE SALM\u00d3N SELLADO CON GLASEADO ORIENTAL<\/li>\n<\/ul>\n<div class=\"spacer\"><\/div><!-- .spacer (end) -->\n<h3>Vegetales<\/h3>\n<ul>\n<li>CANELONES DE QUESO (V)<\/li>\n<li>PASTA HORTELANA CON AJILLO Y VEGETALES (VV)<\/li>\n<\/ul>\n<p><strong>COMPLEMENTOS PARA SUSTUIR (NC) O A\u00d1ADIR $2.50 P\/P<\/strong><\/p>\n<ul>\n<li>PASTA CALIENTE<\/li>\n<li>MAJADO DE VIANDAS GRATINADO<\/li>\n<li>PAPITAS AL ROMERO<\/li>\n<li>VEGETALES SALTEADOS<\/li>\n<\/ul>\n<div class=\"spacer\"><\/div><!-- .spacer (end) -->\n<h3>Arroces<\/h3>\n<p>Una opci\u00f3n a escoger.<\/p>\n<div id=\"id-107512084\" class=\"accordion\">\n<div class=\"accordion-group\"><div class=\"accordion-heading\"><a class=\"accordion-toggle active\" data-toggle=\"collapse\" data-parent=\"#id-107512084\" href=\"#111573079\">Mamposteao<\/a><\/div><div class=\"accordion-body collapse in\" id=\"111573079\"><div class=\"accordion-inner\"> ARROZ SALTEADO CON HABICHUELAS GUISADAS, JAMON Y CALABAZA, SOLO ESCOJA SU GRANO FAVORITO. <\/div><\/div><\/div>\n<div class=\"accordion-group\"><div class=\"accordion-heading\"><a class=\"accordion-toggle \" data-toggle=\"collapse\" data-parent=\"#id-107512084\" href=\"#1986859467\">Frito Revuelto Caribe\u00f1o<\/a><\/div><div class=\"accordion-body collapse \" id=\"1986859467\"><div class=\"accordion-inner\">COMO EL ARROZ CANTONES, PERO CON ELEMENTOS DE NUESTRA ZONA MASITAS DE CERDO, JAMON, SOFRITO CRIOLLO, HABICHUELAS BLANCAS Y TIERNAS, ZANAHORIAS Y GERMINADOS. <\/div><\/div><\/div>\n<div class=\"accordion-group\"><div class=\"accordion-heading\"><a class=\"accordion-toggle \" data-toggle=\"collapse\" data-parent=\"#id-107512084\" href=\"#828985833\">Confeti<\/a><\/div><div class=\"accordion-body collapse \" id=\"828985833\"><div class=\"accordion-inner\"> CON CALDO DE RES, TOCINETA, PIMIENTOS COLORIDOS Y CEBOLLA CARAMELIZADA. <\/div><\/div><\/div>\n<div class=\"accordion-group\"><div class=\"accordion-heading\"><a class=\"accordion-toggle \" data-toggle=\"collapse\" data-parent=\"#id-107512084\" href=\"#330557252\">Risi e Bisi<\/a><\/div><div class=\"accordion-body collapse \" id=\"330557252\"><div class=\"accordion-inner\"> GUISANTES, PIMIENTOS ASADOS Y PARMESANO. <\/div><\/div><\/div>\n<div class=\"accordion-group\"><div class=\"accordion-heading\"><a class=\"accordion-toggle \" data-toggle=\"collapse\" data-parent=\"#id-107512084\" href=\"#2008784859\">Pilaf<\/a><\/div><div class=\"accordion-body collapse \" id=\"2008784859\"><div class=\"accordion-inner\"> CALDO DE POLLO CON AZAFR\u00c1N, CEBOLLA, FRUTAS SECAS Y NUECES TOSTADAS.<\/div><\/div><\/div>\n<div class=\"accordion-group\"><div class=\"accordion-heading\"><a class=\"accordion-toggle \" data-toggle=\"collapse\" data-parent=\"#id-107512084\" href=\"#1054517712\">Orocove\u00f1o<\/a><\/div><div class=\"accordion-body collapse \" id=\"1054517712\"><div class=\"accordion-inner\"> GUISADO CON LONGANIZA, MASITAS DE CERDO Y JAM\u00d3N DECORADO CON ARANITAS DE PL\u00c1TANO. <\/div><\/div><\/div>\n<div class=\"accordion-group\"><div class=\"accordion-heading\"><a class=\"accordion-toggle \" data-toggle=\"collapse\" data-parent=\"#id-107512084\" href=\"#464659827\">Zaida Lina<\/a><\/div><div class=\"accordion-body collapse \" id=\"464659827\"><div class=\"accordion-inner\"> CALDO DE RES CON SALVIA, GUISANTES Y PIMIENTOS ASADOS. <\/div><\/div><\/div>\n<div class=\"accordion-group\"><div class=\"accordion-heading\"><a class=\"accordion-toggle \" data-toggle=\"collapse\" data-parent=\"#id-107512084\" href=\"#1269148108\">Frito Cubano<\/a><\/div><div class=\"accordion-body collapse \" id=\"1269148108\"><div class=\"accordion-inner\"> CONGRI CON MASITAS DE CERDO, LAC\u00d3N, VACA FRITA, MARIQUITAS DE PL\u00c1TANO Y YUCA FRITA. <\/div><\/div><\/div>\n<\/div>\n<div class=\"spacer\"><\/div><!-- .spacer (end) -->\n<h2 style=\"text-align: left;\">Postres<\/h2>\n<p style=\"text-align: left;\">Realce su Buffet!<\/p>\n<div class=\"spacer\"><\/div><!-- .spacer (end) -->\n<ul>\n<li>FINAL FELIZ<\/li>\n<li>FLAN, BROWNIES CON GANACHE Y MASA REAL DE GUAYABA<\/li>\n<li>DULCE PECADO<\/li>\n<li>VARIEDAD DE \"CUP CAKES\"<\/li>\n<li>TARTITAS DE QUESO CON FRUTAS<\/li>\n<li>CREPAS CON DULCE DE LECHE<\/li>\n<li>VARIEDAD DE FLANES CASEROS<\/li>\n<li>FLAMBEE<\/li>\n<\/ul>\n<p>FRESAS, MANGO, GUINEOS SALTEADOS CON MANTEQUILLA Y AZ\u00daCAR NEGRA. ENTONCES, VOIL\u00c1! SE ENCIENDE CON COINTREAU Y RON A\u00d1EJO, SE SIRVE CON MANTECADO DE VAINILLA.<\/p>\n<div class=\"spacer\"><\/div><!-- .spacer (end) -->\n<h2 style=\"text-align: left;\">Estaciones<\/h2>\n<p style=\"text-align: left;\">PARA 75 PERSONAS O MAS. MINIMO TRES ESTACIONES.<\/p>\n<div class=\"spacer\"><\/div><!-- .spacer (end) -->\n<p><span style=\"color: #003366;\">\"Tabla\" de Queso<\/span><\/p>\n<ul>\n<li>VARIEDAD DE QUESOS DOMESTICOS E IMPORTADOS<\/li>\n<li>NUECES, MIEL, FRUTAS FRESCAS Y SECAS<\/li>\n<li>PANES Y GALLETAS<\/li>\n<\/ul>\n<div class=\"spacer\"><\/div><!-- .spacer (end) -->\n<p><span style=\"color: #003366;\">Charcuteria Mediterranea<\/span><\/p>\n<ul>\n<li>SELECCI\u00d3N DE EMBUTIDOS FRIOS<\/li>\n<li>SALAMI GENOVES, MORTADELLA, PROSCIUTTO, JAM\u00d3N DULCE, CANTIMPALO<\/li>\n<li>ANTIPASTO DE VEGETALES<\/li>\n<li>ACEITUNAS MARINADAS, ALIOLI Y MOSTAZA DIJON<\/li>\n<li>PANECILLOS, BAGUETTE Y PAN RUSTICO<\/li>\n<li>ESTACION MIXTA DE CHARCUTERIA Y QUESOS<\/li>\n<\/ul>\n<div class=\"spacer\"><\/div><!-- .spacer (end) -->\n<p><span style=\"color: #003366;\">Hamburguesitas Gourmet<\/span><\/p>\n<p>(<strong style=\"font-size: inherit; text-align: inherit;\">SLIDERS&nbsp;<\/strong>(<em>SELECCIONE 2 VARIEDADES<\/em>)<\/p>\n<p>RES \/ PECHUGAS DE POLLO \/ PAVO<\/p>\n<p><strong>INCLUYE:<\/strong> PANECITOS, QUESO AMERICANO, SUIZO Y CHEDDAR, TOCINETA, KETCHUP, MOSTAZA, ALIOLI DE LA CASA, CEBOLLA CARAMELIZADA, PEPINILLO, TOMATE, LECHUGA Y&nbsp;CONOS DE PAPITAS FRITAS.<\/p>\n<p>A\u00d1ADIR CERVEZA ARTESANAL 12 OZ.<\/p>\n<div class=\"spacer\"><\/div><!-- .spacer (end) -->\n<p><span style=\"color: #003366;\">Sushi en Estaci\u00f3n<\/span><\/p>\n<ul>\n<li>MAKI Y NIGRI \/ SASHIMI<\/li>\n<li>NORI, SALSA, WASABI<\/li>\n<li>GASTRONOM\u00cdA PUERTORRIQUE\u00d1A<\/li>\n<\/ul>\n<div class=\"spacer\"><\/div><!-- .spacer (end) -->\n<p><span style=\"color: #003366;\">Mercado Local<\/span><\/p>\n<ul>\n<li>PORCETTA BORICUA DE PERNIL (LASCADO AL MOMENTO)<\/li>\n<li>PECHUGAS DE POLLO ENCEBOLLADAS<\/li>\n<li>ARROZ MAMPOSTEAO<\/li>\n<li>ENSALADA DE LECHUGAS DEL PA\u00cdS CON TOMATITOS DULCE, QUESO FRESCO, MAIZ ASADO Y AGUACATE \/ VINAGRETA DE CEBOLLINES.<\/li>\n<\/ul>\n<div class=\"spacer\"><\/div><!-- .spacer (end) -->\n<p><span style=\"color: #003366;\">Por' Guavate<\/span><\/p>\n<ul>\n<li>LECH\u00d3N ASADO A LA VARITA (CORTE EN VIVO CON QUIOSCO)<\/li>\n<li>MORCILLAS Y LOGANIZA ARTESANAL<\/li>\n<li>GUINEOS HERVIDOS O AL AJILIMOJILI<\/li>\n<li>SLAW JIBARO, PAN DE AGUA Y SOBAO<\/li>\n<\/ul>\n<div class=\"spacer\"><\/div><!-- .spacer (end) -->\n<p><span style=\"color: #003366;\">Fonda Urbana<\/span><\/p>\n<ul>\n<li>FILETE DE PESCADO CON MANTEQUILLA DE TORONJA ROSADA<\/li>\n<li>CHURRASCO CON SETAS AL ROMERO<\/li>\n<li>BORONIA DE VIANDAS<\/li>\n<li>ESPINACA CON REMOLACHA, QUESO FETA Y ALMENDRAS TOSTADAS<\/li>\n<li>VINAGRETA DE VINO TINTO<\/li>\n<\/ul>\n<div class=\"spacer\"><\/div><!-- .spacer (end) -->\n<p><span style=\"color: #003366;\">Estampa Campesina<\/span><\/p>\n<ul>\n<li>PAVO ASADO CON ALINO JIBARITO<\/li>\n<li>FRICASE DE TERNERA O CABRITO<\/li>\n<li>ARROZ CON TOCINO Y HABICHUELAS GUISADAS O MAMPOSTEAO<\/li>\n<li>HABICHUELITAS TIERNAS AL AJILLO<\/li>\n<\/ul>\n<div class=\"spacer\"><\/div><!-- .spacer (end) -->\n<p><span style=\"color: #003366;\">Costa Cordillera<\/span><\/p>\n<ul>\n<li>CHURRASCO CON CHIMICHURRI<\/li>\n<li>MARISCOS ESTILO NAGUABO<\/li>\n<li>ENSALADA DE ESPINACA CON SETAS CRIOLLAS Y CHICHARRONES DE CARNE AHUMADA<\/li>\n<li>VINAGRETA DE LIMAS CRIOLLAS, RON Y MIEL<\/li>\n<li>MAJADO DE VIANDAS O TOSTONES<\/li>\n<\/ul>\n<div class=\"spacer\"><\/div><!-- .spacer (end) -->\n<h3>Lascado<\/h3>\n<p>Una selecci\u00f3n: $18.50 PP, Dos selecciones: $22.50, Tres selecciones: $24.00.<\/p>\n<ul>\n<li>ASADO DE RES MARINADO EN MABI, AJOS ASADOS Y MOSTAZA DIJON<\/li>\n<li>PECHUGA DE PAVO GLASEADA CON MALTA Y BALSAMICO<\/li>\n<li>JAMON DE PATA ABRILLANTADA<\/li>\n<li>PATA DE CORDERO CON MOSTAZA Y HIERBAS DE PROVENZA<\/li>\n<li>FILETE DE RES ANGUS CON ALINO DE AJOS ASADOS<\/li>\n<li>PANECILLOS, MAYONESA O ALIOLI, MOSTAZA DIJON<\/li>\n<li>ENSALADA VERDE DE LA CASA O QUESOS REBANADOS<\/li>\n<\/ul>\n<div class=\"spacer\"><\/div><!-- .spacer (end) -->\n<h3>Gastronomia Italiana<\/h3>\n<p>INCLUYE 2 ANTIPASTOS O ENSALADAS Y SU SELECCION DE PASTAS, PAN CON AJO, CIABBATAS Y FOCCACIA.<\/p>\n<ul>\n<li>RUSTICO DE VEGETALES ASADOS<\/li>\n<li>CAPRESE - TOMATITOS Y PELITAS DE MOZZARELLA<\/li>\n<li>CAPONATA DE BERENJENAS GUISADAS<\/li>\n<li>VEGETALES A LA MODENA - A LA PARRILLA \/ BALSAMICO Y MIEL<\/li>\n<li>ESPINACAS, AJOS ASADOS Y SETAS CON ADEREZO TIBIO DE PANCETA<\/li>\n<li>ROMAINE, UVAS, PERAS, GORGONZOLA, ALMENDRAS Y ADEREZO DE LIMON<\/li>\n<li>INSALATA DE FAGIOLI - ENSALADA DE GRANOS MARINADOS<\/li>\n<\/ul>\n<div class=\"spacer\"><\/div><!-- .spacer (end) -->\n<p><span style=\"color: #003366;\"><strong>Pasta en Estacion<\/strong><\/span><\/p>\n<p>SUGERIMOS 2 PASTAS CON SALSA DISTINTAS.<\/p>\n<ul>\n<li>AL VODKA - ROSADA CON VODKA<\/li>\n<li>ALFREDO CL\u00c1SICA - CREMA CON PARMESANO<\/li>\n<li>PESTO (NATURAL O CREMOSO) - ALBAHACA, PINONES, PARMESANO Y AJO MOLIDOS CON ACEITE EXTRA VIRGEN<\/li>\n<li>CARBONARA - PANCETA, TOCINETA, CREMA, HUEVOS Y GUISANTES<\/li>\n<li>AMATRICIANA - TOCINETA CON TOMATES Y CEBOLLA<\/li>\n<li>PRIMAVERA - VEGETALES EN AGLIO OLEO O SALSA BLANCA<\/li>\n<li>PUTTANESCA - TOMATES, ANCHOAS, AJO, ALCAPARRAS Y ACEITUNAS<\/li>\n<li>FUNGI - SETAS SALTEADAS A LA CREMA<\/li>\n<li>BARRANQUITAS - CREMA DE APIO CON CERDO AHUMADO<\/li>\n<li>A\u00d1ADO POLLO MIMOSA<\/li>\n<li>ESCALOPINES DE TERNERA PICATA<\/li>\n<\/ul>\n<div class=\"spacer\"><\/div><!-- .spacer (end) -->\n<p><span style=\"color: #003366;\"><strong>Paellas y Otros Arroces<\/strong><\/span><\/p>\n<ul>\n<li>PAELLA COSTERA 7 POTENCIAS: ALMEJAS, MEJILLONES, CAMARONES, PESCADO, CALAMAR, LANGOSTA Y PULPO<\/li>\n<li>PAELLA MONTANERA 7 PONTENCIAS: MASITAS DE CERDO, POLLO, CHORIZO, LONGANIZA, BIFTEC Y PARRILLERO<\/li>\n<li>VALENCIANA TRADICIONAL: POLLO, CHORIZO Y MARISCOS<\/li>\n<li>MONTUNA CUBANA: CERDO, VACA FRITA, POLLO, FRIJOLES NEGROS, TOCINETA Y YUCA FRITA<\/li>\n<li>ASANCOCHADA: CERDO, PATITAS, CHORIZO, POLLO, JAM\u00d3N, MAIZ Y HOJUELAS DE VIANDAS.<\/li>\n<\/ul>\n<p>ACOMPA\u00d1ADAS CON ENSALADA VERDE, MADUROS FRITOS O TOSTONES.<\/p>\n<div class=\"spacer\"><\/div><!-- .spacer (end) -->\n<h3>Tarde en la Noche<\/h3>\n<p>SANDWICHES MINIS:<\/p>\n<ul>\n<li>MEDIA NOCHE, TRIPLETA, SLIDER CON QUESO Y CEBOLLAS CARAMELIZADAS PERNIL AL BBQ, BURRITOS DE CARNE O VEGANOS<\/li>\n<li>CONITOS DE PAPITAS FRITAS<\/li>\n<li>SOPONES: POLLO O GANDULES O CREMA DE VIANDAS<\/li>\n<li>SANCOCHOS: JIBARO DE CARNES O COSTENO DE MARISCOS Y PESCADO<\/li>\n<\/ul>\n<div class=\"spacer\"><\/div><!-- .spacer (end) -->\n<h3>Postres<\/h3>\n<p>BAR DE MANTECADO Y SUNDAES.<\/p>\n<p>BROWNIES, GUINEOS FLAMEADOS, MANTECADOS, FUDGE, SALSA DE FRESA, CREMA BATIDA Y VARIEDAD DE COMPLEMENTOS.<\/p>\n<div class=\"spacer\"><\/div><!-- .spacer (end) -->\n<h3>Mesa de Te y Caf\u00e9<\/h3>\n<ul>\n<li>GALLETITAS HECHAS EN CASA<\/li>\n<li>SCONES<\/li>\n<li>BERRO, PEPINILLO, REQUESON CON HIERBAS, SALMON AHUMADO<\/li>\n<li>SURTIDO DE TE<\/li>\n<li>CAF\u00c9<\/li>\n<\/ul>\n<div class=\"spacer\"><\/div><!-- .spacer (end) -->\n<h3>Cr\u00e8me Br\u00fbl\u00e9e<\/h3>\n<ul>\n<li>QUEMADO AL MOMENTO EN ESTACI\u00d3N<\/li>\n<li>TRADICIONAL<\/li>\n<li>CITRICOS CON SAL DE MAR<\/li>\n<li>CHOCOLATE CON CERVEZAS<\/li>\n<li>LIM\u00d3N CON LAVANDA<\/li>\n<li>CHOCOLATE BLANCO Y GUAYABA<\/li>\n<li>PI\u00d1A CON MACADAMIA<\/li>\n<\/ul>\n<div class=\"spacer\"><\/div><!-- .spacer (end) -->\n<h3>Caf\u00e9<\/h3>\n<ul>\n<li>UN SERVICIO DE 2 A 3 HORAS<\/li>\n<li>SERVICIO CONTINUO HASTA 8 HORAS<\/li>\n<li>ESTACION CON CAF\u00c9 ELABORADOS POR BARISTA<\/li>\n<li>CAF\u00c9 GOURMET PUERTORRIQUE\u00d1O<\/li>\n<li>LECHE COMPLETA Y DE DIETA<\/li>\n<li>VARIEDAD DE ENDULZANTES<\/li>\n<\/ul>\n<hr>\n<h2 style=\"text-align: left;\">Bebidas<\/h2>\n<p>NUESTRAS BEBIDAS SON POR CONSUMO, LA MISMA SE CALCULA SEG\u00daN LA CANTIDAD DE INVITADOS Y SE ESTIMA CUANTO SERA UTILIZADO EN EL EVENTO.<\/p>\n<ul>\n<li>TRAGOS DE BIENVENIDA<\/li>\n<li>SANGRIA BLANCA O ROJA<\/li>\n<li>COQUITO<\/li>\n<li>MIMOSAS<\/li>\n<\/ul>\n<hr>\n<h2 style=\"text-align: left;\">Licores<\/h2>\n<p>ESCOJA ENTRE NUESTRA VARIEADAD DE:<\/p>\n<ul>\n<li>WHISKEYS<\/li>\n<li>VODKAS<\/li>\n<li>RONES<\/li>\n<li>GINEBRAS<\/li>\n<li>CAVAS<\/li>\n<li>VINOS<\/li>\n<li>CERVEZAS<\/li>\n<\/ul>\n<p>TAMBIEN CONTAMOS CON GRAN VARIEDAD DE REFRESCO A ESCOGER.<\/p>\n<div class=\"spacer\"><\/div><!-- .spacer (end) --><div class=\"spacer\"><\/div><!-- .spacer (end) -->\n\n\n<h3 class=\"has-text-align-center wp-block-heading\"><strong><span style=\"color:#042e76\" class=\"has-inline-color\"><strong>Latitude 18\u00b027'58\"N \/ Longitude 66\u00b005'32\"W<\/strong><\/span><\/strong><\/h3>\n\n\n\n<div style=\"height:100px\" aria-hidden=\"true\" class=\"wp-block-spacer\"><\/div>\n\n\n\n<p><\/p>\n","protected":false},"excerpt":{"rendered":"<p>Buffet PANECILLOS RECIEN HORNEADOS CON MANTEQUILLA. DOS ENSALADAS A ESCOGER ENTRE:&nbsp;LECHUGAS, PASTA, AUTOCTONAS, VEGETALES O GRANOS. Ensaladas Verdes Ensaladas de Pasta Ensaladas de Papa Ensaladas Autoctanas Si a\u00f1ade Bacalao, $2.00 p\/p. GAZPACHO DE VIANDAS - MALANGA, YA\u00daTIA, \u00d1AME Y APIO DE TOMATE, AGUACATE Y ACEITE DE CILANTRILLO YUCA AL MOJO DE NARANJA GUINEITOS AL AJILIMOJILI Ensaladas de Vegetales GRANOS Y&nbsp;<a href=\"https:\/\/clubnauticodesanjuan.com\/V2\/buffet\/\" class=\"read-more\">Continue Reading<\/a><\/p>\n","protected":false},"author":1,"featured_media":0,"parent":0,"menu_order":0,"comment_status":"closed","ping_status":"closed","template":"page-fullwidth.php","meta":{"footnotes":""},"_links":{"self":[{"href":"https:\/\/clubnauticodesanjuan.com\/V2\/wp-json\/wp\/v2\/pages\/2841"}],"collection":[{"href":"https:\/\/clubnauticodesanjuan.com\/V2\/wp-json\/wp\/v2\/pages"}],"about":[{"href":"https:\/\/clubnauticodesanjuan.com\/V2\/wp-json\/wp\/v2\/types\/page"}],"author":[{"embeddable":true,"href":"https:\/\/clubnauticodesanjuan.com\/V2\/wp-json\/wp\/v2\/users\/1"}],"replies":[{"embeddable":true,"href":"https:\/\/clubnauticodesanjuan.com\/V2\/wp-json\/wp\/v2\/comments?post=2841"}],"version-history":[{"count":19,"href":"https:\/\/clubnauticodesanjuan.com\/V2\/wp-json\/wp\/v2\/pages\/2841\/revisions"}],"predecessor-version":[{"id":3827,"href":"https:\/\/clubnauticodesanjuan.com\/V2\/wp-json\/wp\/v2\/pages\/2841\/revisions\/3827"}],"wp:attachment":[{"href":"https:\/\/clubnauticodesanjuan.com\/V2\/wp-json\/wp\/v2\/media?parent=2841"}],"curies":[{"name":"wp","href":"https:\/\/api.w.org\/{rel}","templated":true}]}}